{"id":23501,"date":"2024-06-09T10:48:17","date_gmt":"2024-06-09T10:48:17","guid":{"rendered":"https:\/\/hikaaristudio.com\/?page_id=23501"},"modified":"2024-06-09T11:08:55","modified_gmt":"2024-06-09T11:08:55","slug":"politica-de-privacidad","status":"publish","type":"page","link":"https:\/\/hikaaristudio.com\/index.php\/politica-de-privacidad\/","title":{"rendered":"Pol\u00edtica de privacidad"},"content":{"rendered":"\n<p>DATOS IDENTIFICATIVOS. El titular de www.hikaaristudio.com es Hikaari studio SL | Plaza Santa Ana 6, 3\u00ba2 | 28012 Madrid | info@hikaaristudio.com<\/p>\n\n\n\n<p>PROPIEDAD INTELECTUAL Y USO DE CONTENIDOS. Hikaari studio SL es titular de los derechos de propiedad intelectual e industrial de los contenidos de sus sitios web. Estos contenidos incluyen textos, im\u00e1genes, animaciones, marcas, logotipos y cualquier otro material que se conserve.<\/p>\n\n\n\n<p>El acceso a los sitios web de Hikaari studio SL atribuye la categor\u00eda de usuario. El usuario acepta las condiciones generales descritas en este Aviso Legal.<\/p>\n\n\n\n<p>Hikaari studio SL se reserva el derecho de eliminar, a\u00f1adir o modificar sin previo aviso el contenido del sitio web y la presentaci\u00f3n del mismo, as\u00ed como los t\u00e9rminos y condiciones del presente aviso.<\/p>\n","protected":false},"excerpt":{"rendered":"<p>DATOS IDENTIFICATIVOS. El titular de www.hikaaristudio.com es Hikaari studio SL | Plaza Santa Ana 6, 3\u00ba2 | 28012 Madrid | info@hikaaristudio.com PROPIEDAD INTELECTUAL Y USO DE CONTENIDOS. Hikaari studio SL es titular de los derechos de propiedad intelectual e industrial de los contenidos de sus sitios web. Estos contenidos incluyen textos, im\u00e1genes, animaciones, marcas, logotipos [&hellip;]<\/p>\n","protected":false},"author":1,"featured_media":0,"parent":0,"menu_order":0,"comment_status":"closed","ping_status":"closed","template":"","meta":{"_monsterinsights_skip_tracking":false,"_monsterinsights_sitenote_active":false,"_monsterinsights_sitenote_note":"","_monsterinsights_sitenote_category":0,"footnotes":""},"class_list":["post-23501","page","type-page","status-publish","czr-hentry"],"aioseo_notices":[],"_links":{"self":[{"href":"https:\/\/hikaaristudio.com\/index.php\/wp-json\/wp\/v2\/pages\/23501","targetHints":{"allow":["GET"]}}],"collection":[{"href":"https:\/\/hikaaristudio.com\/index.php\/wp-json\/wp\/v2\/pages"}],"about":[{"href":"https:\/\/hikaaristudio.com\/index.php\/wp-json\/wp\/v2\/types\/page"}],"author":[{"embeddable":true,"href":"https:\/\/hikaaristudio.com\/index.php\/wp-json\/wp\/v2\/users\/1"}],"replies":[{"embeddable":true,"href":"https:\/\/hikaaristudio.com\/index.php\/wp-json\/wp\/v2\/comments?post=23501"}],"version-history":[{"count":2,"href":"https:\/\/hikaaristudio.com\/index.php\/wp-json\/wp\/v2\/pages\/23501\/revisions"}],"predecessor-version":[{"id":23515,"href":"https:\/\/hikaaristudio.com\/index.php\/wp-json\/wp\/v2\/pages\/23501\/revisions\/23515"}],"wp:attachment":[{"href":"https:\/\/hikaaristudio.com\/index.php\/wp-json\/wp\/v2\/media?parent=23501"}],"curies":[{"name":"wp","href":"https:\/\/api.w.org\/{rel}","templated":true}]}}